{"id":2,"date":"2020-10-02T07:05:39","date_gmt":"2020-10-02T07:05:39","guid":{"rendered":"https:\/\/www.harcuba.net\/?page_id=2"},"modified":"2025-08-03T11:19:00","modified_gmt":"2025-08-03T10:19:00","slug":"sample-page","status":"publish","type":"page","link":"https:\/\/www.harcuba.net\/","title":{"rendered":"PWS z\u00e1me\u010dek"},"content":{"rendered":"\n<p style=\"line-height:1\">Teplota za posledn\u00edch 36 hodin:<\/p>\n\n\n\n<figure class=\"wp-block-image size-large is-resized\"><img loading=\"lazy\" src=\"https:\/\/www.in-pocasi.cz\/aktualni-pocasi\/img\/line_chart.img.php?stanice=ponikla&amp;zeme=cz&amp;usek=36&amp;typ=teplota\" alt=\"\" width=\"645\" height=\"298\"\/><\/figure>\n\n\n\n<p style=\"line-height:1\">Tlak za posledn\u00ed t\u00fdden:<\/p>\n\n\n\n<figure class=\"wp-block-image size-large is-resized\"><img loading=\"lazy\" src=\"https:\/\/www.in-pocasi.cz\/aktualni-pocasi\/img\/line_chart.img.php?zeme=cz&amp;typ=tlak&amp;stanice=ponikla&amp;usek=210\" alt=\"\" width=\"644\" height=\"294\"\/><\/figure>\n\n\n\n<p style=\"line-height:1\">Sr\u00e1\u017eky za posledn\u00edch 36 hodin:<\/p>\n\n\n\n<figure class=\"wp-block-image size-large is-resized is-style-default\"><img loading=\"lazy\" src=\"https:\/\/www.in-pocasi.cz\/aktualni-pocasi\/img\/line_chart.img.php?zeme=cz&amp;typ=srazky&amp;stanice=ponikla&amp;usek=36\" alt=\"\" width=\"637\" height=\"290\"\/><\/figure>\n","protected":false},"excerpt":{"rendered":"<p>Teplota za posledn\u00edch 36 hodin: Tlak za posledn\u00ed t\u00fdden: Sr\u00e1\u017eky za posledn\u00edch 36 hodin:<\/p>\n","protected":false},"author":1,"featured_media":0,"parent":0,"menu_order":0,"comment_status":"closed","ping_status":"open","template":"","meta":[],"_links":{"self":[{"href":"https:\/\/www.harcuba.net\/index.php\/wp-json\/wp\/v2\/pages\/2"}],"collection":[{"href":"https:\/\/www.harcuba.net\/index.php\/wp-json\/wp\/v2\/pages"}],"about":[{"href":"https:\/\/www.harcuba.net\/index.php\/wp-json\/wp\/v2\/types\/page"}],"author":[{"embeddable":true,"href":"https:\/\/www.harcuba.net\/index.php\/wp-json\/wp\/v2\/users\/1"}],"replies":[{"embeddable":true,"href":"https:\/\/www.harcuba.net\/index.php\/wp-json\/wp\/v2\/comments?post=2"}],"version-history":[{"count":19,"href":"https:\/\/www.harcuba.net\/index.php\/wp-json\/wp\/v2\/pages\/2\/revisions"}],"predecessor-version":[{"id":71,"href":"https:\/\/www.harcuba.net\/index.php\/wp-json\/wp\/v2\/pages\/2\/revisions\/71"}],"wp:attachment":[{"href":"https:\/\/www.harcuba.net\/index.php\/wp-json\/wp\/v2\/media?parent=2"}],"curies":[{"name":"wp","href":"https:\/\/api.w.org\/{rel}","templated":true}]}}